{"id":570,"date":"2016-04-12T15:56:23","date_gmt":"2016-04-12T15:56:23","guid":{"rendered":"http:\/\/eduit.ba\/?page_id=17"},"modified":"2016-04-12T15:56:23","modified_gmt":"2016-04-12T15:56:23","slug":"srednje-skole","status":"publish","type":"page","link":"https:\/\/eduit.ba\/index.php\/srednje-skole\/","title":{"rendered":"Srednje \u0161kole"},"content":{"rendered":"<hr \/>\n<h2 style=\"text-align: center;\">Kantonalno takmi\u010denje iz informatike<\/h2>\n<h1 style=\"text-align: center;\">za u\u010denike srednjih \u0161kola <strong><span style=\"color: #3366ff;\">2017<\/span><\/strong><\/h1>\n<p>&nbsp;<\/p>\n<p style=\"text-align: center;\">BILTEN sa Kantonalnog takmi\u010denja 2017 mo\u017eete pogledati <a href=\"http:\/\/eduit.ba\/wp-content\/uploads\/2016\/04\/ktss2017_bilten.pdf\">OVDJE<\/a><\/p>\n<p style=\"text-align: center;\">RANG takmi\u010dara mo\u017eete pogledati <a href=\"http:\/\/eduit.ba\/wp-content\/uploads\/2016\/04\/konacni-1.pdf\">OVDJE<\/a><\/p>\n<p style=\"text-align: center;\">RANG po \u0161kolama mo\u017eete pogledati <a href=\"http:\/\/eduit.ba\/wp-content\/uploads\/2016\/04\/po_skolama-1.pdf\">OVDJE<\/a><\/p>\n<p>&nbsp;<\/p>\n<hr \/>\n<p>&nbsp;<\/p>\n<h2 style=\"text-align: center;\">BILTEN sa Kantonalnog takmi\u010denja<\/h2>\n<h2 style=\"text-align: center;\">iz informatike za srednje \u0161kole<\/h2>\n<p>&nbsp;<\/p>\n<p style=\"text-align: center;\">Bilten mo\u017eete pogledati <a href=\"http:\/\/eduit.ba\/wp-content\/uploads\/2016\/04\/Bilten-KT-SS-2016.pdf\">OVDJE<\/a><\/p>\n<hr \/>\n<h2 style=\"text-align: center;\"><strong>KANTONALNO TAKMI\u010cENJE IZ INFORMATIKE 2016<\/strong><\/h2>\n<p>&nbsp;<\/p>\n<p style=\"text-align: center;\">Takmi\u010denje \u0107e se odr\u017eati <strong>07.05.2016.<\/strong> godine (subota) u prostorijama<\/p>\n<p style=\"text-align: center;\"><strong>SREDNJE ELEKTROTEHNI\u010cKE \u0160KOLE, Ul. Safeta Zajke 2<\/strong>, u sljede\u0107im terminima:<\/p>\n<p style=\"text-align: center;\"><strong>Srednje \u0161kole 07.05.2016. godine (subota)<\/strong><\/p>\n<p style=\"text-align: center;\"><strong>Osnovne \u0161kole 14.05.2016.<\/strong> <strong>godine (subota)<\/strong><\/p>\n<hr \/>\n<p>&nbsp;<\/p>\n<p>Pravila Kantonalnog takmi\u010denja 2016. za srednje \u0161kole mo\u017eete pogledati <a href=\"http:\/\/eduit.ba\/wp-content\/uploads\/2016\/04\/PRAVILA-KANTONALNOG-TAKMI\u010cENJA-IZ-INFORMATIKE-2016.pdf\"><strong>OVDJE<\/strong><\/a><\/p>\n<p>&nbsp;<\/p>\n<hr \/>\n<h4 style=\"text-align: center;\"><strong>PROGRAM TAKMI\u010cENJA 2016<\/strong><\/h4>\n<p>&nbsp;<\/p>\n<h4>08:15-08:30\u00a0\u00a0\u00a0\u00a0\u00a0\u00a0Okupljanje ekipa<\/h4>\n<h4>08:30-09:00\u00a0\u00a0\u00a0\u00a0\u00a0Otvaranje takmi\u010denja, prezentacija doma\u0107ina\u00a0 i izvla\u010denje<\/h4>\n<h4>\u00a0\u00a0\u00a0\u00a0\u00a0\u00a0\u00a0\u00a0\u00a0\u00a0\u00a0\u00a0\u00a0\u00a0\u00a0\u00a0\u00a0\u00a0\u00a0\u00a0\u00a0\u00a0\u00a0\u00a0\u00a0\u00a0takmi\u010darskih \u0161ifri<\/h4>\n<h4>09:00-12:00\u00a0\u00a0\u00a0\u00a0\u00a0\u00a0Pojedina\u010dno takmi\u010denje<\/h4>\n<h4>12:00-12:45 \u00a0 \u00a0 \u00a0 \u00a0Pregled zadataka i priprema preliminarnih rezultata<\/h4>\n<h4>12:15-12:45\u00a0\u00a0\u00a0\u00a0\u00a0\u00a0\u00a0\u00a0 Ru\u010dak<\/h4>\n<h4>12:45-13:30 \u00a0 \u00a0 \u00a0 \u00a0Uvid u zadatke i eventualne reklamacije<\/h4>\n<h4>13:45-14:15 \u00a0 \u00a0 \u00a0 \u00a0 Progla\u0161enje pobjednika<\/h4>\n<hr \/>\n<p>&nbsp;<\/p>\n<p>&nbsp;<\/p>\n<hr \/>\n<p><strong>Kantonalno takmi\u010denje iz informatike 2015<\/strong><\/p>\n<p>Na linku mo\u017eete prona\u0107i spisak svih u\u010desnika na Kantonalnom takmi\u010denju iz informatike 2015, kao i zadatke sa rje\u0161enjima.<\/p>\n<p><a href=\"http:\/\/eduit.ba\/wp-content\/uploads\/2016\/04\/BILTEN-KT-SS-2015.pdf\">Bilten Kantonalnog takmi\u010denja 2015<\/a><\/p>\n<p>&nbsp;<\/p>\n","protected":false},"excerpt":{"rendered":"<p>Kantonalno takmi\u010denje iz informatike za u\u010denike srednjih \u0161kola 2017 &nbsp; BILTEN sa Kantonalnog takmi\u010denja 2017 mo\u017eete pogledati OVDJE RANG takmi\u010dara mo\u017eete pogledati OVDJE RANG po \u0161kolama mo\u017eete pogledati OVDJE &nbsp; &nbsp; BILTEN sa Kantonalnog takmi\u010denja iz informatike za srednje \u0161kole &nbsp; Bilten mo\u017eete pogledati OVDJE KANTONALNO TAKMI\u010cENJE IZ INFORMATIKE 2016 &nbsp; Takmi\u010denje \u0107e se odr\u017eati 07.05.2016. godine (subota) u prostorijama [&hellip;]<\/p>\n","protected":false},"author":1,"featured_media":0,"parent":0,"menu_order":0,"comment_status":"closed","ping_status":"closed","template":"","meta":{"_crdt_document":"","footnotes":""},"class_list":["post-570","page","type-page","status-publish","hentry"],"_links":{"self":[{"href":"https:\/\/eduit.ba\/index.php\/wp-json\/wp\/v2\/pages\/570","targetHints":{"allow":["GET"]}}],"collection":[{"href":"https:\/\/eduit.ba\/index.php\/wp-json\/wp\/v2\/pages"}],"about":[{"href":"https:\/\/eduit.ba\/index.php\/wp-json\/wp\/v2\/types\/page"}],"author":[{"embeddable":true,"href":"https:\/\/eduit.ba\/index.php\/wp-json\/wp\/v2\/users\/1"}],"replies":[{"embeddable":true,"href":"https:\/\/eduit.ba\/index.php\/wp-json\/wp\/v2\/comments?post=570"}],"version-history":[{"count":0,"href":"https:\/\/eduit.ba\/index.php\/wp-json\/wp\/v2\/pages\/570\/revisions"}],"wp:attachment":[{"href":"https:\/\/eduit.ba\/index.php\/wp-json\/wp\/v2\/media?parent=570"}],"curies":[{"name":"wp","href":"https:\/\/api.w.org\/{rel}","templated":true}]}}