{"id":569,"date":"2016-04-12T15:45:46","date_gmt":"2016-04-12T15:45:46","guid":{"rendered":"http:\/\/eduit.ba\/?page_id=10"},"modified":"2016-04-12T15:45:46","modified_gmt":"2016-04-12T15:45:46","slug":"o-nama","status":"publish","type":"page","link":"https:\/\/eduit.ba\/index.php\/o-nama\/","title":{"rendered":"O nama"},"content":{"rendered":"<p style=\"text-align: justify;\">\n<p style=\"text-align: justify;\">Udru\u017eenje nastavnika i profesora informatike osnovano je u oktobru 2011. godine na inicijativu profesora i nastavnika informatike u Kantonu Sarajevo kao udru\u017eenje gra\u0111ana koje povezuju interesi struke.<\/p>\n<p style=\"text-align: justify;\">Udru\u017eenje je dobrovoljno, nevladino i neprofitno udru\u017eenje, osnovano na neodre\u0111eno vrijeme radi ostvarivanja ciljeva i aktivnosti u oblasti ra\u010dunarskih nauka, njihovih primjena u nastavi i popularizaciji ovih nauka. Sjedi\u0161te Udru\u017eenja je u Sarajevu.<\/p>\n<p style=\"text-align: justify;\">Puni naziv udru\u017eenja je: EDUIT-Udru\u017eenje nastavnika i profesora informatike.<\/p>\n<p style=\"text-align: justify;\">Ciljevi i zadaci Udru\u017eenja su:<\/p>\n<p style=\"text-align: justify;\">\uf02d razvijanje svijesti o zna\u010daju informatizacije, obrazovanja i informiranja i njihove uloge u gra\u0111anskom dru\u0161tvu,<\/p>\n<p style=\"text-align: justify;\">\uf02d promovirati i provoditi temeljna, primjenjiva i razvojna istra\u017eivanja u oblasti IKT-a,<\/p>\n<p style=\"text-align: justify;\">\uf02d izrada i a\u017euriranje baza podataka za potrebe obrazovnog i istra\u017eiva\u010dkog rada u sferi obrazovno-pedago\u0161kog rada i informiranja ali i drugih oblasti,<\/p>\n<p style=\"text-align: justify;\">\uf02d poticanje obrazovnog i istra\u017eiva\u010dkog rada,<\/p>\n<p style=\"text-align: justify;\">\uf02d izdavanje publikacija, te proizvodnja digitalnog materijala u oblasti razvoja i propagiranje IKT-a u obrazovanju te vlastitog rada i dostignu\u0107a u tim segmentima,<\/p>\n<p style=\"text-align: justify;\">\uf02d organizacija nau\u010dnih i stru\u010dnih skupova te radionica u oblasti obrazovanja,<\/p>\n<p style=\"text-align: justify;\">\uf02d izrada elaborata i projekata iz naprijed navedenih oblasti;<\/p>\n<p style=\"text-align: justify;\">\uf02d promocija informacione pismenosti kroz diskusije, konferencije, kongrese i seminare i radionice za nastavni kadar, roditelje i u\u010denike,<\/p>\n<p style=\"text-align: justify;\">\uf02d pru\u017eanje neposredne i posredne pomo\u0107i gra\u0111anima u prihvatanju IKT-a<\/p>\n<p style=\"text-align: justify;\">\uf02d uspostavljanje saradnje s organizacijama, asocijacijama, institucijama i udru\u017eenjima koja imaju sli\u010dne programske ciljeve,<\/p>\n<p style=\"text-align: justify;\">\uf02d Provo\u0111enje i svih drugih aktivnosti koje bude nametala teku\u0107a praksa.<\/p>\n","protected":false},"excerpt":{"rendered":"<p>Udru\u017eenje nastavnika i profesora informatike osnovano je u oktobru 2011. godine na inicijativu profesora i nastavnika informatike u Kantonu Sarajevo kao udru\u017eenje gra\u0111ana koje povezuju interesi struke. Udru\u017eenje je dobrovoljno, nevladino i neprofitno udru\u017eenje, osnovano na neodre\u0111eno vrijeme radi ostvarivanja ciljeva i aktivnosti u oblasti ra\u010dunarskih nauka, njihovih primjena u nastavi i popularizaciji ovih nauka. Sjedi\u0161te Udru\u017eenja je u Sarajevu. [&hellip;]<\/p>\n","protected":false},"author":1,"featured_media":0,"parent":0,"menu_order":0,"comment_status":"closed","ping_status":"closed","template":"","meta":{"_crdt_document":"","footnotes":""},"class_list":["post-569","page","type-page","status-publish","hentry"],"_links":{"self":[{"href":"https:\/\/eduit.ba\/index.php\/wp-json\/wp\/v2\/pages\/569","targetHints":{"allow":["GET"]}}],"collection":[{"href":"https:\/\/eduit.ba\/index.php\/wp-json\/wp\/v2\/pages"}],"about":[{"href":"https:\/\/eduit.ba\/index.php\/wp-json\/wp\/v2\/types\/page"}],"author":[{"embeddable":true,"href":"https:\/\/eduit.ba\/index.php\/wp-json\/wp\/v2\/users\/1"}],"replies":[{"embeddable":true,"href":"https:\/\/eduit.ba\/index.php\/wp-json\/wp\/v2\/comments?post=569"}],"version-history":[{"count":0,"href":"https:\/\/eduit.ba\/index.php\/wp-json\/wp\/v2\/pages\/569\/revisions"}],"wp:attachment":[{"href":"https:\/\/eduit.ba\/index.php\/wp-json\/wp\/v2\/media?parent=569"}],"curies":[{"name":"wp","href":"https:\/\/api.w.org\/{rel}","templated":true}]}}