{"id":50,"date":"2016-04-12T16:20:55","date_gmt":"2016-04-12T16:20:55","guid":{"rendered":"http:\/\/eduit.ba\/?page_id=50"},"modified":"2016-04-12T16:20:55","modified_gmt":"2016-04-12T16:20:55","slug":"kantonalna-takmicenja","status":"publish","type":"page","link":"https:\/\/eduit.ba\/index.php\/kantonalna-takmicenja\/","title":{"rendered":"Kantonalna takmi\u010denja"},"content":{"rendered":"<hr \/>\n<h2 style=\"text-align: center;\"><strong>KANTONALNO TAKMI\u010cENJE IZ INFORMATIKE 2016<\/strong><\/h2>\n<p style=\"text-align: center;\">Takmi\u010denje \u0107e se odr\u017eati <strong>14.05.2016.<\/strong> godine (subota) u prostorijama<\/p>\n<p style=\"text-align: center;\"><strong>SREDNJE ELEKTROTEHNI\u010cKE \u0160KOLE, Ul. Safeta Zajke 2<\/strong>, u sljede\u0107im terminima:<\/p>\n<p style=\"text-align: center;\"><strong>Srednje \u0161kole 07.05.2016. godine (subota)<\/strong><\/p>\n<p style=\"text-align: center;\"><strong>Osnovne \u0161kole 14.05.2016.<\/strong> <strong>godine (subota)<\/strong><\/p>\n<p style=\"text-align: center;\">\n<hr \/>\n<p style=\"text-align: center;\">\n<p style=\"text-align: center;\">\n<p style=\"text-align: center;\">\n","protected":false},"excerpt":{"rendered":"<p>KANTONALNO TAKMI\u010cENJE IZ INFORMATIKE 2016 Takmi\u010denje \u0107e se odr\u017eati 14.05.2016. godine (subota) u prostorijama SREDNJE ELEKTROTEHNI\u010cKE \u0160KOLE, Ul. Safeta Zajke 2, u sljede\u0107im terminima: Srednje \u0161kole 07.05.2016. godine (subota) Osnovne \u0161kole 14.05.2016. godine (subota)<\/p>\n","protected":false},"author":1,"featured_media":0,"parent":0,"menu_order":0,"comment_status":"closed","ping_status":"closed","template":"","meta":{"_crdt_document":"","footnotes":""},"class_list":["post-50","page","type-page","status-publish","hentry"],"_links":{"self":[{"href":"https:\/\/eduit.ba\/index.php\/wp-json\/wp\/v2\/pages\/50","targetHints":{"allow":["GET"]}}],"collection":[{"href":"https:\/\/eduit.ba\/index.php\/wp-json\/wp\/v2\/pages"}],"about":[{"href":"https:\/\/eduit.ba\/index.php\/wp-json\/wp\/v2\/types\/page"}],"author":[{"embeddable":true,"href":"https:\/\/eduit.ba\/index.php\/wp-json\/wp\/v2\/users\/1"}],"replies":[{"embeddable":true,"href":"https:\/\/eduit.ba\/index.php\/wp-json\/wp\/v2\/comments?post=50"}],"version-history":[{"count":0,"href":"https:\/\/eduit.ba\/index.php\/wp-json\/wp\/v2\/pages\/50\/revisions"}],"wp:attachment":[{"href":"https:\/\/eduit.ba\/index.php\/wp-json\/wp\/v2\/media?parent=50"}],"curies":[{"name":"wp","href":"https:\/\/api.w.org\/{rel}","templated":true}]}}