{"id":48,"date":"2016-04-12T16:20:42","date_gmt":"2016-04-12T16:20:42","guid":{"rendered":"http:\/\/eduit.ba\/?page_id=48"},"modified":"2016-04-12T16:20:42","modified_gmt":"2016-04-12T16:20:42","slug":"opcinska-takmicenja","status":"publish","type":"page","link":"https:\/\/eduit.ba\/index.php\/opcinska-takmicenja\/","title":{"rendered":"Op\u0107inska takmi\u010denja"},"content":{"rendered":"<p>&nbsp;<\/p>\n<p>Grupu zadataka za op\u0107inskih takmi\u010denja mo\u017eete preuzeti na linkovima ispod:<\/p>\n<p><a href=\"http:\/\/eduit.ba\/wp-content\/uploads\/2019\/02\/Zadaci-opcinsko-takmicenje-iz-informatike-2011.doc\">Zadaci &#8211; opcinsko takmicenje iz informatike 2011<\/a><\/p>\n<p><a href=\"http:\/\/eduit.ba\/wp-content\/uploads\/2019\/02\/Zadaci-opcinsko-takmicenje-iz-informatike-2012.doc\">Zadaci &#8211; opcinsko takmicenje iz informatike 2012<\/a><\/p>\n<p><a href=\"http:\/\/eduit.ba\/wp-content\/uploads\/2019\/02\/Zadaci-opcinsko-takmicenje-iz-informatike-2013.doc\">Zadaci &#8211; opcinsko takmicenje iz informatike 2013<\/a><\/p>\n<p><a href=\"http:\/\/eduit.ba\/wp-content\/uploads\/2019\/02\/Zadaci-opcinsko-takmicenje-iz-informatike-2014.doc\">Zadaci &#8211; opcinsko takmicenje iz informatike 2014<\/a><\/p>\n<p><a href=\"http:\/\/eduit.ba\/wp-content\/uploads\/2019\/02\/Zadaci-opcinsko-takmicenje-iz-informatike-2015.docx\">Zadaci &#8211; opcinsko takmicenje iz informatike 2015<\/a><\/p>\n<p><a href=\"http:\/\/eduit.ba\/wp-content\/uploads\/2019\/02\/Zadaci-opcinsko-takmicenje-iz-informatike-2016.docx\">Zadaci &#8211; opcinsko takmicenje iz informatike 2016<\/a><\/p>\n<p><a href=\"http:\/\/eduit.ba\/wp-content\/uploads\/2019\/02\/Zadaci-opcinsko-takmicenje-iz-informatike-2018.pdf\">Zadaci &#8211; opcinsko takmicenje iz informatike 2018<\/a><\/p>\n<p><a href=\"http:\/\/eduit.ba\/wp-content\/uploads\/2019\/02\/Zadaci_rjesenja-opcinsko-takmicenje-iz-informatike-2012.pdf.pdf\">Zadaci_rjesenja &#8211; opcinsko takmicenje iz informatike 2012.pdf<\/a><\/p>\n<p>&nbsp;<\/p>\n<p>&nbsp;<\/p>\n","protected":false},"excerpt":{"rendered":"<p>&nbsp; Grupu zadataka za op\u0107inskih takmi\u010denja mo\u017eete preuzeti na linkovima ispod: Zadaci &#8211; opcinsko takmicenje iz informatike 2011 Zadaci &#8211; opcinsko takmicenje iz informatike 2012 Zadaci &#8211; opcinsko takmicenje iz informatike 2013 Zadaci &#8211; opcinsko takmicenje iz informatike 2014 Zadaci &#8211; opcinsko takmicenje iz informatike 2015 Zadaci &#8211; opcinsko takmicenje iz informatike 2016 Zadaci &#8211; opcinsko takmicenje iz informatike 2018 [&hellip;]<\/p>\n","protected":false},"author":1,"featured_media":0,"parent":0,"menu_order":0,"comment_status":"closed","ping_status":"closed","template":"","meta":{"_crdt_document":"","footnotes":""},"class_list":["post-48","page","type-page","status-publish","hentry"],"_links":{"self":[{"href":"https:\/\/eduit.ba\/index.php\/wp-json\/wp\/v2\/pages\/48","targetHints":{"allow":["GET"]}}],"collection":[{"href":"https:\/\/eduit.ba\/index.php\/wp-json\/wp\/v2\/pages"}],"about":[{"href":"https:\/\/eduit.ba\/index.php\/wp-json\/wp\/v2\/types\/page"}],"author":[{"embeddable":true,"href":"https:\/\/eduit.ba\/index.php\/wp-json\/wp\/v2\/users\/1"}],"replies":[{"embeddable":true,"href":"https:\/\/eduit.ba\/index.php\/wp-json\/wp\/v2\/comments?post=48"}],"version-history":[{"count":0,"href":"https:\/\/eduit.ba\/index.php\/wp-json\/wp\/v2\/pages\/48\/revisions"}],"wp:attachment":[{"href":"https:\/\/eduit.ba\/index.php\/wp-json\/wp\/v2\/media?parent=48"}],"curies":[{"name":"wp","href":"https:\/\/api.w.org\/{rel}","templated":true}]}}