{"id":196,"date":"2017-02-06T17:59:13","date_gmt":"2017-02-06T17:59:13","guid":{"rendered":"http:\/\/eduit.ba\/?page_id=196"},"modified":"2017-02-06T17:59:13","modified_gmt":"2017-02-06T17:59:13","slug":"ovs-es-ugovor","status":"publish","type":"page","link":"https:\/\/eduit.ba\/index.php\/office365\/ovs-es-ugovor\/","title":{"rendered":"\u0160ta je OVS-ES Ugovor?"},"content":{"rendered":"<p style=\"text-align: justify;\">Svaka odgojno-obrazovna institucija (\u0161kola, fakultet) ima mogu\u0107nost kori\u0161tenja niz pogodnosti koje nudio kompanije Microsoft kroz\u00a0OVS-ES (Open Value Subscription-Education Solutions) program kompanije Microsoft.<\/p>\n<p style=\"text-align: justify;\">OVS-ES Microsoft program je trogodi\u0161nji zakup licenci (software-a) za sve ra\u010dunare u preduze\u0107ima koja raspola\u017eu sa najmanje 5 ra\u010dunara.<\/p>\n<p style=\"text-align: justify;\">Po\u0161to po Nastavnom planu i programu za srednje \u0161kole koristimo najvi\u0161e i naj\u010de\u0161\u0107e Microsoft-ove proizvode, jedan od na\u010dina legalnog kori\u0161tenja softvera kako u \u0161koli u kabinetu informatike, tako i u\u010denici na svojim personalnim ra\u010dunarima u svojim ku\u0107ama jeste DreamSpark Premium paket, koji \u0107e nam omogu\u010diti kori\u0161tenje oko 200 proizvoda kompanije Microsoft za sve u\u010denike na\u0161e \u0161kole (operativni sistemi, alati za web dizajn, alati za razvoj baza podataka, alati za razvoj Windows Phone aplikacija, alati za, alati za razvoj Windows aplikacija).<\/p>\n<p style=\"text-align: justify;\">Osim kori\u0161tenja razvojih alata i operativnih sistema, jako je bitno omogu\u0107iti i lak\u0161u komunikaciju izme\u0111u nastavnika me\u0111usobno, kao i nastavnika sa u\u010denicima. Kori\u0161tenjem Office 365 for Education plana, mo\u017eemo olak\u0161ati komunikaciju, kao i razmjenu nastavnog sadr\u017eaja, doma\u0107ih zadataka i na taj na\u010din biti u koraku s vremenom u kori\u0161tenju najmodernijeg softvera kompanije Microsoft.<\/p>\n<p style=\"text-align: justify;\"><a name=\"_Toc410891983\"><\/a>\u0160ta je Open Value Subscription &#8211; OVS?<a href=\"#_ftn1\" name=\"_ftnref1\"><u>[1]<\/u><\/a><\/p>\n<p style=\"text-align: justify;\">Program OVS je Microsoftov program licenciranja koji za razliku od drugih Microsoftovih programa koli\u010dinskog licenciranja kompaniji omogu\u0107ava pretplatu na najnovije verzije softvera. Tvrtka koja se odlu\u010di za OVS na\u010din licenciranja iznos pretplate pla\u0107a jednom godi\u0161nje. Pretplatom kompanija dobija pravo na standardizaciju Microsoftove platforme za desktop ra\u010dunare (Platforma za male kompanije ili profesionalna platforma). Kompanije koje se standardizuju na Microsoftovim platformama mogu u\u017eivati u pogodnostima koje im nudi OVS ugovor kao \u0161to je mogu\u0107nost centralizovanog planiranja tro\u0161kova i pla\u0107anja na godi\u0161njem nivou.<\/p>\n<p style=\"text-align: justify;\">Neke od pogodnosti OVS na\u010dina licenciranja za korisnika:<\/p>\n<ul style=\"list-style-type: disc;\">\n<li style=\"text-align: justify;\">Lak\u0161e planiranje godi\u0161njih tro\u0161kova za softver<\/li>\n<li style=\"text-align: justify;\">Jednostavno upravljanje softverskim licencama uz garanciju da su licence uvijek pravovaljane<\/li>\n<li style=\"text-align: justify;\">Pravo na naru\u010divanje drugih Microsoftovih proizvoda pomo\u0107u programa Open License<\/li>\n<li style=\"text-align: justify;\">U cijenu je uklju\u010dena odre\u0111ena telefonska podr\u0161ka<\/li>\n<li style=\"text-align: justify;\">Kori\u0161tenje najnovijih verzija proizvoda uklju\u010denih u Microsoftovu platformu bez potrebe za dodatnim nabavama i pla\u0107anjima<\/li>\n<li style=\"text-align: justify;\">Pogodnosti Software Assurance programa<\/li>\n<\/ul>\n<p style=\"text-align: justify;\"><strong>Kako se uklju\u010diti u program Open Value Subscription?<\/strong><\/p>\n<p style=\"text-align: justify;\">Svaka kompanija sa 5 ili vi\u0161e ra\u010dunara mo\u017ee ovu ponudu iskoristiti te je realizovati pomo\u0107u bilo kojeg Microsoftovog prodava\u010da ovla\u0161tenog za prodaju Microsoftovih proizvoda.<\/p>\n<p style=\"text-align: justify;\"><strong>Koja prava licenciranja proizlaze iz tog programa?<\/strong><\/p>\n<p style=\"text-align: justify;\">OVS kupci imaju pravo na kori\u0161tenje najnovijih verzija bilo kojeg OVS proizvoda na bilo kojem od svojih kvalifikovanih ra\u010dunara tokom trogodi\u0161njeg razdoblja.<\/p>\n<p style=\"text-align: justify;\"><strong>Koje platformske proizvode obuhva\u0107a program OVS?<\/strong><\/p>\n<p style=\"text-align: justify;\">Platforma za male i srednje kompanije sastoji se od:<\/p>\n<ul style=\"text-align: justify;\">\n<li>Microsoft Windows Professional Upgrade Version<\/li>\n<li>Office Small Business<\/li>\n<li>Microsoft Small Business Server CAL (Client Access Licence)<\/li>\n<\/ul>\n<p style=\"text-align: justify;\">Profesionalna platforma sastoji se od:<\/p>\n<ul style=\"text-align: justify;\">\n<li>Microsoft Windows Professional Upgrade Version<\/li>\n<li>Office Professional Enterprise Edition<\/li>\n<li>Microsoft Core CAL (Client Access Licence)<\/li>\n<\/ul>\n<p style=\"text-align: justify;\">OVS korisnik mo\u017ee ove proizvode nabaviti pojedina\u010dno ili mo\u017ee nabaviti cijelu OVS platformu odjednom. Krajnji korisnici koji odlu\u010de nabaviti OVS platformu dobit \u0107e najve\u0107u vrijednost iz svoje pretplate na softver putem:<\/p>\n<ul style=\"text-align: justify;\">\n<li>dodatnog popusta na iznos godi\u0161nje pretplate<\/li>\n<li>vi\u0161eg nivoa usluge<\/li>\n<li>dodatne u\u0161tede koja se ostvaruje sni\u017eenim ukupnim tro\u0161kovima posjedovanja (TCO)<\/li>\n<\/ul>\n<p style=\"text-align: justify;\">Osim platformskih proizvoda, putem OVS-a mo\u017ee se naru\u010diti i \u010ditava paleta dodatnih proizvoda, kao \u0161to su, na primjer, serverski proizvodi.<\/p>\n<p style=\"text-align: justify;\"><strong>\u0160ta je \u201eUp-to-date\u201c popust?<\/strong><\/p>\n<p style=\"text-align: justify;\">Microsoft ve\u0107 registrovanim klijentima nudi poseban popust na cijenu OVS proizvoda tokom pla\u0107anja po\u010detne pretplate za prvu godinu kako bi se vodilo ra\u010duna o postoje\u0107oj instaliranoj bazi i ranijim kupovinama korisnika. Desktop ra\u010dunari kvalifikovani za Up-to-date popust obuhva\u0107aju sve ra\u010dunare uklju\u010dene u prvu godinu koji su bili ranije legalno licencirani za kori\u0161tenje zadnje ili predzadnje verzije proizvoda koju je kupac izabrao u OVS programu.<\/p>\n<p style=\"text-align: justify;\"><strong>Dodatni OVS softver i cijene<\/strong><\/p>\n<p style=\"text-align: justify;\">Dodatni OVS softver mo\u017eete naru\u010diti u svako doba tokom va\u017eenja ovog ugovora predavanjem narud\u017ebe za dodatni OVS softver svom prodava\u010du. Cijene dodatnog OVS softvera nisu fiksne za distributera va\u0161eg prodava\u010da i mogu varirati tokom va\u017eenja ovog ugovora.<\/p>\n<p style=\"text-align: justify;\"><strong>Kako se broje ra\u010dunari za potrebe OVS ugovora?<\/strong><\/p>\n<p style=\"text-align: justify;\">OVS kupac \u0107e prebrojati sve kvalifkovane ra\u010dunare u kompanij. Kvalifikovani ra\u010dunari obuhvataju desktop ra\u010dunare, prijenosna ra\u010dunare, radne stanice i sli\u010dne ure\u0111aje koje kompanija koristi (uklju\u010duju\u0107i i podru\u017enice), a koja udovoljavaju minimalnim uslovima neophodnim za pokretanje bilo kog Open Subscription proizvoda. Kvalifikovani ra\u010dunari ne obuhvataju ra\u010dunare ozna\u010dene kao serveri kao ni sisteme namijenjene ISKLJU\u010cIVO izvr\u0161avanju poslovnih aplikacija.<\/p>\n<p style=\"text-align: justify;\"><strong>Kako uklju\u010diti predstavni\u0161tva svoje kompanije u ovaj program?<\/strong><\/p>\n<p style=\"text-align: justify;\">OVS kupac \u0107e svoju kompaniju definisati kao jedinstveni entitet ili kao jedinstveni entitet sa svojim pridru\u017eenim \u010dlanovima. Predstavni\u0161tvom se smatra kompanija koju posjeduje i kontroli\u0161e kupac ili se nalazi u zajedni\u010dkom vlasni\u0161tvu. Ako kupac OVS platforme \u017eeli u ugovor uklju\u010diti svoja predstavni\u0161tva, to mo\u017ee nazna\u010diti pri sklapanju ugovora.<\/p>\n<p style=\"text-align: justify;\"><strong>Kada \u0107u mo\u0107i koristiti softver prema OVS ugovoru?<\/strong><\/p>\n<p style=\"text-align: justify;\">OVS kupac \u0107e biti ovla\u0161ten za kori\u0161tenje softvera nakon prijema pisma od Microsofta kojim se ugovor potvr\u0111uje.<\/p>\n<p style=\"text-align: justify;\"><strong>Gdje mogu nabaviti medije s kojih mogu instalirati softver na svoja ra\u010dunare?<\/strong><\/p>\n<p style=\"text-align: justify;\">Microsoft \u0107e svojim OVS kupcima poslati paket dobrodo\u0161lice za odabrane OVS proizvode. OVS kupac mo\u017ee proizvode odabrati na jednom ili dva jezika.<\/p>\n<p style=\"text-align: justify;\">Uz to, svaki put kada se na tr\u017ei\u0161tu pojavi nova verzija softvera, Microsoft \u0107e svojim kupcima automatski poslati tu verziju. Imajte na umu da se to ne odnosi na pakete nadopuna, softverske nadopune ili druge promjene na OVS proizvodima.<\/p>\n<p style=\"text-align: justify;\"><strong>\u0160ta se doga\u0111a nakon isteka ugovora?<\/strong><\/p>\n<p style=\"text-align: justify;\">U trenutku isteka ugovora OVS kupac mo\u017ee obnoviti ugovor ili nabaviti trajne licence putem opcije otkupa. Ako kupac ne odabere ni jednu od ove dvije mogu\u0107nosti, njegova je obaveza izbrisati sav softver licenciran putem OVS ugovora.<\/p>\n<p style=\"text-align: justify;\"><a name=\"_Toc410891984\"><\/a>Microsoft Open License<\/p>\n<p style=\"text-align: justify;\">Microsoft\u00ae Open License je program koli\u010dinskog licenciranja namijenjen poslovnim, dr\u017eavnim, dobrotvornim i akademskim ustanovama koje naru\u010de najmanje 5 licenci. Nakon po\u010detne narud\u017ebe kupci u okviru ovog programa u\u017eivaju u znatno povoljnijim cijenama za sve licence tijekom dvogodi\u0161njeg trajanja njihova autorizacijskog broja.<\/p>\n<p style=\"text-align: justify;\">Pogodnosti programa Microsoft Open License obuhva\u0107aju:<\/p>\n<p style=\"text-align: justify;\">zna\u010dajne popuste na maloprodajne cijene<\/p>\n<p style=\"text-align: justify;\">mogu\u0107nost nabave najnovijih verzija Microsoftova softvera putem programa Software Assurance<\/p>\n<p style=\"text-align: justify;\">mogu\u0107nost ponovne narud\u017ebe barem jedne licence<\/p>\n<p style=\"text-align: justify;\">lak\u0161e upravljanje licencama putem alata za njihovo elektroni\u010dko pra\u0107enje, tzv. eOpen.<\/p>\n<p style=\"text-align: justify;\"><strong>Je li va\u0161a kompanija spremna za program Software Assurance? <\/strong><\/p>\n<p style=\"text-align: justify;\">Software Assurance jednostavniji je na\u010din nabave najnovijih verzija Microsoftovih proizvoda koji zamjenjuje niz prethodnih licenci za nadogradnju. Aktualni kupci licence Open Licence raspola\u017eu alatom eOpen koji im olak\u0161ava procjenu spremnosti za program Software Assurance (prije kori\u0161tenja alata, novi korisnici morat \u0107e unijeti svoje licen\u010dne podatke). Ovaj alat analizira status va\u0161e licence Open Licence i poma\u017ee vam pri odabiru ponu\u0111enih mogu\u0107nosti u okviru programa Software Assurance. Dodatne informacije o programu Software Assurance zatra\u017eite od prodava\u010da Microsoftovih proizvoda.<\/p>\n<p style=\"text-align: justify;\"><strong>Odaberite program Open License koji vam najvi\u0161e odgovara<\/strong><\/p>\n<p style=\"text-align: justify;\">Program Microsoft Open Licence nudi dva sjajna na\u010dina u\u0161tede na Microsoftovim proizvodima:<\/p>\n<ul style=\"text-align: justify;\">\n<li>Open Value je dizajniran kako bi kompanijama omogu\u0107io jednostavnije upravljanje licencama, bolje upravljanje tro\u0161kovima softvera, te ve\u0107u kontrolu nad IT ulaganjima. Open Value uklju\u010duje Software Assurance, koji uz pravo na kori\u0161tenje najnovijih verzija softvera uklju\u010denog u ugovor, tokom trajanja ugovora, nudi dodatne pogodnosti kao \u0161to su treninzi, planiranje implementacije, podr\u0161ka za proizvode<\/li>\n<\/ul>\n<p style=\"text-align: justify;\">Open Business kupcu omogu\u0107uje u\u0161tedu u odnosu na procijenjenu maloprodajnu cijenu ako po\u0161alje po\u010detnu narud\u017ebu za pet ili vi\u0161e licenci. S ovom opcijom kupci mogu kombinirati bilo koji paket Microsoftovih proizvoda da bi naru\u010dili najmanje pet licenci.<\/p>\n<p style=\"text-align: justify;\">Open Volume mo\u017ee vam donijeti jo\u0161 ve\u0107u u\u0161tedu ako va\u0161a tvrtka napravi ve\u0107u po\u010detnu narud\u017ebu za jednu od grupa proizvoda (aplikacije, sistemi ili serveri).<\/p>\n<p style=\"text-align: justify;\"><strong>eOpen<\/strong><\/p>\n<p style=\"text-align: justify;\">eOpen je online alat koji kupcu omogu\u0107uje elektronsko upravljanje narud\u017ebama u okviru programa Open License (engl.). Pomo\u0107u alata eOpen kupac mo\u017ee dobiti elektronsku potvrdu narud\u017ebenice te pregledati status i prethodne narud\u017ebe za odre\u0111ene licence. Kupcu je omogu\u0107ena personalizacija da bi pregled informacija prilagodio svojim potrebama.<\/p>\n<p style=\"text-align: justify;\"><a name=\"_Toc410891985\"><\/a>\u0160to je Microsoft Imagine?<\/p>\n<p style=\"text-align: justify;\">Microsoft Imagine\u00a0je jednostavan: svodi se na pru\u017eanje Microsoftovih profesionalnih razvojnih i dizajnerskih alata studentima, bez naknade, kako bi mogli slijediti svoje snove i omogu\u0107iti sljede\u0107i veliki napredak u tehnologiji ili kako bi izgradili \u010dvrste temelje za svoju profesionalnu karijeru.\u00a0MS Imagine\u00a0vam daje priliku da razvijate softver, web i mobilne aplikacije, igre, kao i grafike svjetske kvalitete. Microsoft smatra da studenti mogu napraviti nevjerojatne stvari kada imaju prave alate. I Microsoft je pokrenut u vrijeme kada su njegovi osniva\u010di bili studenti tako da iz iskustva zna da je sve mogu\u0107e. Upravo zbog toga suradnja sa obrazovnim institucijama, udrugama i drugim zajednicama ima za cilj omogu\u0107iti\u00a0MS Imagine\u00a0dostupnim \u0161irom svijeta kako bi do\u0161ao do svakog pojedinca \u0161to je prije mogu\u0107e.<a href=\"#_ftn2\" name=\"_ftnref2\"><u>[2]<\/u><\/a><\/p>\n<p style=\"text-align: justify;\"><a name=\"_Toc410891986\"><\/a>\u0160ta je Microsoft Imagine Premium?<\/p>\n<p style=\"text-align: justify;\">Razvijanje naprednih softverskih aplikacija mo\u017ee potrajati godinama, skupa investicija koja se u kona\u010dnici vidi u kupoprodajnoj cijeni. Microsoft ove napredne i po\u017eeljne programske pakete \u010dini lako dostupnim studentima i profesorima uz malu godi\u0161nju pretplatu, daleko ispod maloprodajne cijene bilo kojeg od pojedina\u010dnih paketa softvera. Uz godi\u0161nju pretplatu dobije se i pristup besplatnom online portalu putem e-akademije koji studentima i profesorima pru\u017ea jednostavan i brz pristup ostalim edukacijskim materijalima \u010dime se rastere\u0107uje obrazovna institucija koja ne mora tro\u0161iti vlastite resurse kako bi sve ranije navedeno u\u010dinila dostupnim.<\/p>\n<p style=\"text-align: justify;\"><a href=\"#_ftnref1\" name=\"_ftn1\"><u>[1]<\/u><\/a> <a href=\"http:\/\/www.microsoft.com\/bih\/licensing\/programs\/ovs\/default.mspx#E2\"><u>http:\/\/www.microsoft.com\/bih\/licensing\/programs\/ovs\/default.mspx#E2<\/u><\/a> (15.12.2014.)<\/p>\n<p style=\"text-align: justify;\"><a href=\"#_ftnref2\" name=\"_ftn2\"><u>[2]<\/u><\/a> <a href=\"https:\/\/www.scribd.com\/doc\/80632030\/Microsoft-DreamSpark-priru%C4%8Dnik-vodi%C4%8D\"><u>https:\/\/www.scribd.com\/doc\/80632030\/Microsoft-DreamSpark-priru%C4%8Dnik-vodi%C4%8D<\/u><\/a> (20.12.2014.)<\/p>\n","protected":false},"excerpt":{"rendered":"<p>Svaka odgojno-obrazovna institucija (\u0161kola, fakultet) ima mogu\u0107nost kori\u0161tenja niz pogodnosti koje nudio kompanije Microsoft kroz\u00a0OVS-ES (Open Value Subscription-Education Solutions) program kompanije Microsoft. OVS-ES Microsoft program je trogodi\u0161nji zakup licenci (software-a) za sve ra\u010dunare u preduze\u0107ima koja raspola\u017eu sa najmanje 5 ra\u010dunara. Po\u0161to po Nastavnom planu i programu za srednje \u0161kole koristimo najvi\u0161e i naj\u010de\u0161\u0107e Microsoft-ove proizvode, jedan od na\u010dina legalnog [&hellip;]<\/p>\n","protected":false},"author":1,"featured_media":0,"parent":193,"menu_order":0,"comment_status":"closed","ping_status":"closed","template":"","meta":{"_crdt_document":"","footnotes":""},"class_list":["post-196","page","type-page","status-publish","hentry"],"_links":{"self":[{"href":"https:\/\/eduit.ba\/index.php\/wp-json\/wp\/v2\/pages\/196","targetHints":{"allow":["GET"]}}],"collection":[{"href":"https:\/\/eduit.ba\/index.php\/wp-json\/wp\/v2\/pages"}],"about":[{"href":"https:\/\/eduit.ba\/index.php\/wp-json\/wp\/v2\/types\/page"}],"author":[{"embeddable":true,"href":"https:\/\/eduit.ba\/index.php\/wp-json\/wp\/v2\/users\/1"}],"replies":[{"embeddable":true,"href":"https:\/\/eduit.ba\/index.php\/wp-json\/wp\/v2\/comments?post=196"}],"version-history":[{"count":0,"href":"https:\/\/eduit.ba\/index.php\/wp-json\/wp\/v2\/pages\/196\/revisions"}],"up":[{"embeddable":true,"href":"https:\/\/eduit.ba\/index.php\/wp-json\/wp\/v2\/pages\/193"}],"wp:attachment":[{"href":"https:\/\/eduit.ba\/index.php\/wp-json\/wp\/v2\/media?parent=196"}],"curies":[{"name":"wp","href":"https:\/\/api.w.org\/{rel}","templated":true}]}}