{"id":169,"date":"2017-01-25T21:46:10","date_gmt":"2017-01-25T21:46:10","guid":{"rendered":"http:\/\/eduit.ba\/?page_id=169"},"modified":"2017-01-25T21:46:10","modified_gmt":"2017-01-25T21:46:10","slug":"video-tutorijali","status":"publish","type":"page","link":"https:\/\/eduit.ba\/index.php\/video-tutorijali\/","title":{"rendered":"Video tutorijali"},"content":{"rendered":"<h3 style=\"text-align: center;\"><a href=\"http:\/\/eduit.ba\/wp-content\/uploads\/2017\/01\/Moja-eUcionica-text.png\"><img loading=\"lazy\" decoding=\"async\" class=\"aligncenter wp-image-178 size-large\" src=\"http:\/\/eduit.ba\/wp-content\/uploads\/2017\/01\/Moja-eUcionica-text-1024x253.png\" width=\"600\" height=\"148\" \/><\/a><\/h3>\n<h3 style=\"text-align: center;\"><\/h3>\n<h3 style=\"text-align: center;\"><strong>Video tutorijali<\/strong><\/h3>\n<p>&nbsp;<\/p>\n<p style=\"text-align: center;\"><strong>Pokretanje HP Classroom Manager-a i prilago\u0111avanje pregleda povezanih tableta<\/strong><\/p>\n<p><iframe loading=\"lazy\" src=\"\/\/www.youtube.com\/embed\/DjDprgrd1js\" width=\"560\" height=\"314\" allowfullscreen=\"allowfullscreen\"><\/iframe><\/p>\n<hr \/>\n<p style=\"text-align: center;\"><strong>Kreiranje registra u\u010denika<\/strong><\/p>\n<p><iframe loading=\"lazy\" src=\"\/\/www.youtube.com\/embed\/ohaTqWK_CVA\" width=\"560\" height=\"314\" allowfullscreen=\"allowfullscreen\"><\/iframe><\/p>\n<hr \/>\n<p style=\"text-align: center;\"><strong>Slanje i prikupljanje fajlova (npr. vje\u017ebe)<\/strong><\/p>\n<p><iframe loading=\"lazy\" src=\"\/\/www.youtube.com\/embed\/salrdmZPHo8\" width=\"560\" height=\"314\" allowfullscreen=\"allowfullscreen\"><\/iframe><\/p>\n<hr \/>\n<p style=\"text-align: center;\"><strong>Zabrana interneta za u\u010denike<\/strong><\/p>\n<p><iframe loading=\"lazy\" src=\"\/\/www.youtube.com\/embed\/wiHIjyj3qsQ\" width=\"560\" height=\"314\" allowfullscreen=\"allowfullscreen\"><\/iframe><\/p>\n<hr \/>\n<p style=\"text-align: center;\"><strong>Zaklju\u010davanje zaslona<\/strong><\/p>\n<p><iframe loading=\"lazy\" src=\"\/\/www.youtube.com\/embed\/hlJsgEwxkss\" width=\"560\" height=\"314\" allowfullscreen=\"allowfullscreen\"><\/iframe><\/p>\n<hr \/>\n<p style=\"text-align: center;\"><strong>Kreiranje ankete<\/strong><\/p>\n<p><iframe loading=\"lazy\" src=\"\/\/www.youtube.com\/embed\/AXIIqbfyXzI\" width=\"560\" height=\"314\" allowfullscreen=\"allowfullscreen\"><\/iframe><\/p>\n<hr \/>\n<p style=\"text-align: center;\"><strong>Slu\u010dajni odabir u\u010denika za odgovor<\/strong><\/p>\n<p><iframe loading=\"lazy\" src=\"\/\/www.youtube.com\/embed\/kgbE6zU0z3o\" width=\"560\" height=\"314\" allowfullscreen=\"allowfullscreen\"><\/iframe><\/p>\n<hr \/>\n<p style=\"text-align: center;\"><strong>Prikaz zaslona ostalim u\u010denicima<\/strong><\/p>\n<p><iframe loading=\"lazy\" src=\"\/\/www.youtube.com\/embed\/lwZqL9_lgYc\" width=\"560\" height=\"314\" allowfullscreen=\"allowfullscreen\"><\/iframe><\/p>\n<hr \/>\n<h4 style=\"text-align: center;\"><strong>Instalacija jednog od programa za daljinsko upravljanje<\/strong><\/h4>\n<h4 style=\"text-align: center;\"><iframe loading=\"lazy\" src=\"\/\/www.youtube.com\/embed\/ZklDrk5uK9c\" width=\"560\" height=\"314\" allowfullscreen=\"allowfullscreen\"><\/iframe><\/h4>\n<hr \/>\n<h4 style=\"text-align: center;\">Kontaktiranje\u00a0 podr\u0161ke putem web forme<\/h4>\n<p><iframe loading=\"lazy\" title=\"eU\u010dionica - Kontakt podr\u0161ke putem web forme\" width=\"640\" height=\"360\" src=\"https:\/\/www.youtube.com\/embed\/-eUZ9Zxqaeg?feature=oembed\" frameborder=\"0\" allow=\"accelerometer; autoplay; clipboard-write; encrypted-media; gyroscope; picture-in-picture; web-share\" referrerpolicy=\"strict-origin-when-cross-origin\" allowfullscreen><\/iframe><\/p>\n<hr \/>\n<p>&nbsp;<\/p>\n","protected":false},"excerpt":{"rendered":"<p>Video tutorijali &nbsp; Pokretanje HP Classroom Manager-a i prilago\u0111avanje pregleda povezanih tableta Kreiranje registra u\u010denika Slanje i prikupljanje fajlova (npr. vje\u017ebe) Zabrana interneta za u\u010denike Zaklju\u010davanje zaslona Kreiranje ankete Slu\u010dajni odabir u\u010denika za odgovor Prikaz zaslona ostalim u\u010denicima Instalacija jednog od programa za daljinsko upravljanje Kontaktiranje\u00a0 podr\u0161ke putem web forme &nbsp;<\/p>\n","protected":false},"author":1,"featured_media":0,"parent":0,"menu_order":0,"comment_status":"closed","ping_status":"closed","template":"","meta":{"_crdt_document":"","footnotes":""},"class_list":["post-169","page","type-page","status-publish","hentry"],"_links":{"self":[{"href":"https:\/\/eduit.ba\/index.php\/wp-json\/wp\/v2\/pages\/169","targetHints":{"allow":["GET"]}}],"collection":[{"href":"https:\/\/eduit.ba\/index.php\/wp-json\/wp\/v2\/pages"}],"about":[{"href":"https:\/\/eduit.ba\/index.php\/wp-json\/wp\/v2\/types\/page"}],"author":[{"embeddable":true,"href":"https:\/\/eduit.ba\/index.php\/wp-json\/wp\/v2\/users\/1"}],"replies":[{"embeddable":true,"href":"https:\/\/eduit.ba\/index.php\/wp-json\/wp\/v2\/comments?post=169"}],"version-history":[{"count":0,"href":"https:\/\/eduit.ba\/index.php\/wp-json\/wp\/v2\/pages\/169\/revisions"}],"wp:attachment":[{"href":"https:\/\/eduit.ba\/index.php\/wp-json\/wp\/v2\/media?parent=169"}],"curies":[{"name":"wp","href":"https:\/\/api.w.org\/{rel}","templated":true}]}}