{"id":15,"date":"2016-04-12T15:56:11","date_gmt":"2016-04-12T15:56:11","guid":{"rendered":"http:\/\/eduit.ba\/?page_id=15"},"modified":"2016-04-12T15:56:11","modified_gmt":"2016-04-12T15:56:11","slug":"osnovne-skole","status":"publish","type":"page","link":"https:\/\/eduit.ba\/index.php\/osnovne-skole\/","title":{"rendered":"Osnovne \u0161kole"},"content":{"rendered":"<h3 style=\"text-align: center;\"><\/h3>\n<h3 style=\"text-align: center;\"><strong>Kantonalno takmi\u010denje iz informatike za u\u010denike osnovnih \u0161kola 2017<\/strong><\/h3>\n<p style=\"text-align: center;\">Propozicije i satnicu takmi\u010denja za Kantonalno takmi\u010denje 2017\u00a0mo\u017eete pogledati <a href=\"http:\/\/eduit.ba\/wp-content\/uploads\/2016\/04\/KT-OS-propozicije-i-satnica-2017.pdf\">OVDJE<\/a><\/p>\n<hr \/>\n<h3 style=\"text-align: center;\"><\/h3>\n<h3 style=\"text-align: center;\"><strong>REZULTATI KANTONALNOG TAKMI\u010cENJA IZ INFORMATIKE 2017<\/strong><\/h3>\n<p>BILTEN sa Kantonalnog takmi\u010denja 2017\u00a0mo\u017eete pogledati <a href=\"http:\/\/eduit.ba\/wp-content\/uploads\/2016\/04\/ktos2017_bilten.pdf\">OVDJE<\/a><\/p>\n<p>RANG takmi\u010dara mo\u017eete pogledati <a href=\"http:\/\/eduit.ba\/wp-content\/uploads\/2016\/04\/konacni.pdf\">OVDJE<\/a><\/p>\n<p>RANG po \u0161kolama mo\u017eete pogledati <a href=\"http:\/\/eduit.ba\/wp-content\/uploads\/2016\/04\/po_skolama.pdf\">OVDJE<\/a><\/p>\n<p>&nbsp;<\/p>\n<hr \/>\n<p>&nbsp;<\/p>\n<p><strong>Kantonalno takmi\u010denje 2015\u00a0&#8211; osnovne \u0161kole<\/strong><\/p>\n<hr \/>\n<p>&nbsp;<\/p>\n<p>Bilten sa zadacima, rje\u0161enjima i osvojenim bodovima Kantonalnog takmi\u010denja za 2015. godinu mo\u017eete pogledati na linku ispod:<\/p>\n<p><a href=\"http:\/\/eduit.ba\/wp-content\/uploads\/2016\/04\/BILTEN-KT-OS-2015.pdf\">Bilten Kantonalnog takmi\u010denja OS 2015<\/a><\/p>\n<p>&nbsp;<\/p>\n<p>&nbsp;<\/p>\n<hr \/>\n<p><strong>Kantonalno takmi\u010denje 2014 &#8211; osnovne \u0161kole<\/strong><\/p>\n<hr \/>\n<p>Kantonalno takmi\u010denje iz informatike za osnovne \u0161kole je uspje\u0161no zavr\u0161eno! Prva tri mjesta osvojili su Muamer Pari\u0107, Tarik Ru\u017edi\u0107 (obojica iz O\u0160 Musa \u0106azim \u0106ati\u0107) i Miron Banjac (O\u0160 Skender Kulenovi\u0107). Ovi takmi\u010dari su dobili i vrijedne nagrade (tablet) a svi u\u010desnici su dobili poklone od na\u0161ih sponzora. \u010cestitamo svim u\u010desnicima i \u017eelimo im mnogo sre\u0107e u budu\u0107im takmi\u010denjima, uz poruku da se bavljenje informatikom sigurno isplati!<\/p>\n<p><a href=\"http:\/\/cs4all.etf.unsa.ba\/wp-content\/uploads\/2014\/04\/ranking-finalni-KTOS.pdf\">Sveukupni rezultati sa rangiranjem \u0161kola<\/a><\/p>\n<p><a href=\"http:\/\/cs4all.etf.unsa.ba\/wp-content\/uploads\/2014\/04\/ktos_2014.pdf\">Zadaci sa takmi\u010denja<\/a><\/p>\n<p><a href=\"http:\/\/eduit.ba\/wp-content\/uploads\/2016\/04\/ktos_2014_rjesenja.zip\">Zvani\u010dna rje\u0161enja<\/a><\/p>\n<p><a href=\"http:\/\/eduit.ba\/wp-content\/uploads\/2016\/04\/ktos_2014_testovi.zip\">Testovi kori\u0161teni za ocjenjivanje zadataka<\/a><\/p>\n<hr \/>\n<p>&nbsp;<\/p>\n<p>&nbsp;<\/p>\n<p>&nbsp;<\/p>\n<p>&nbsp;<\/p>\n<p>&nbsp;<\/p>\n","protected":false},"excerpt":{"rendered":"<p>Kantonalno takmi\u010denje iz informatike za u\u010denike osnovnih \u0161kola 2017 Propozicije i satnicu takmi\u010denja za Kantonalno takmi\u010denje 2017\u00a0mo\u017eete pogledati OVDJE REZULTATI KANTONALNOG TAKMI\u010cENJA IZ INFORMATIKE 2017 BILTEN sa Kantonalnog takmi\u010denja 2017\u00a0mo\u017eete pogledati OVDJE RANG takmi\u010dara mo\u017eete pogledati OVDJE RANG po \u0161kolama mo\u017eete pogledati OVDJE &nbsp; &nbsp; Kantonalno takmi\u010denje 2015\u00a0&#8211; osnovne \u0161kole &nbsp; Bilten sa zadacima, rje\u0161enjima i osvojenim bodovima Kantonalnog takmi\u010denja [&hellip;]<\/p>\n","protected":false},"author":1,"featured_media":0,"parent":0,"menu_order":0,"comment_status":"closed","ping_status":"closed","template":"","meta":{"_crdt_document":"","footnotes":""},"class_list":["post-15","page","type-page","status-publish","hentry"],"_links":{"self":[{"href":"https:\/\/eduit.ba\/index.php\/wp-json\/wp\/v2\/pages\/15","targetHints":{"allow":["GET"]}}],"collection":[{"href":"https:\/\/eduit.ba\/index.php\/wp-json\/wp\/v2\/pages"}],"about":[{"href":"https:\/\/eduit.ba\/index.php\/wp-json\/wp\/v2\/types\/page"}],"author":[{"embeddable":true,"href":"https:\/\/eduit.ba\/index.php\/wp-json\/wp\/v2\/users\/1"}],"replies":[{"embeddable":true,"href":"https:\/\/eduit.ba\/index.php\/wp-json\/wp\/v2\/comments?post=15"}],"version-history":[{"count":0,"href":"https:\/\/eduit.ba\/index.php\/wp-json\/wp\/v2\/pages\/15\/revisions"}],"wp:attachment":[{"href":"https:\/\/eduit.ba\/index.php\/wp-json\/wp\/v2\/media?parent=15"}],"curies":[{"name":"wp","href":"https:\/\/api.w.org\/{rel}","templated":true}]}}